{"id":4366,"date":"2022-05-27T22:34:17","date_gmt":"2022-05-27T22:34:17","guid":{"rendered":"https:\/\/zoilafernandez.com.do\/?page_id=4366"},"modified":"2024-06-19T11:15:41","modified_gmt":"2024-06-19T15:15:41","slug":"odontopediatra-en-santo-domingo-dra-gloria-read","status":"publish","type":"page","link":"https:\/\/zoilafernandez.com.do\/es\/odontopediatra-en-santo-domingo-dra-gloria-read\/","title":{"rendered":"Odontopediatra en Santo Domingo Dra. Gloria Read"},"content":{"rendered":"<h1>Odontopediatra en Santo Domingo<\/h1>\n<p><a role=\"button\" href=\"https:\/\/api.whatsapp.com\/send?phone=18099134870&amp;text=!Hola!%20vengo%20de%20su%20p%C3%A1gina%20de%20odontopediatr%C3%ADa.\"><br \/>\nAgendar por WhatsApp<br \/>\n<\/a><br \/>\n<img decoding=\"async\" class=\"alignnone size-full wp-image-5313\" src=\"http:\/\/zoilafernandez.com.do\/wp-content\/uploads\/2024\/06\/foto-Dra.-Gloria-2.jpg\" alt=\"\" width=\"540\" height=\"540\" srcset=\"https:\/\/zoilafernandez.com.do\/wp-content\/uploads\/2024\/06\/foto-Dra.-Gloria-2-66x66.jpg 66w, https:\/\/zoilafernandez.com.do\/wp-content\/uploads\/2024\/06\/foto-Dra.-Gloria-2-150x150.jpg 150w, https:\/\/zoilafernandez.com.do\/wp-content\/uploads\/2024\/06\/foto-Dra.-Gloria-2-200x200.jpg 200w, https:\/\/zoilafernandez.com.do\/wp-content\/uploads\/2024\/06\/foto-Dra.-Gloria-2-300x300.jpg 300w, https:\/\/zoilafernandez.com.do\/wp-content\/uploads\/2024\/06\/foto-Dra.-Gloria-2-400x400.jpg 400w, https:\/\/zoilafernandez.com.do\/wp-content\/uploads\/2024\/06\/foto-Dra.-Gloria-2.jpg 540w\" sizes=\"(max-width: 540px) 100vw, 540px\" \/><\/p>\n<h5>Sobre la Dra. Gloria Read<\/h5>\n<h2>Odont\u00f3loga Especialista en Ni\u00f1os y Beb\u00e9s<\/h2>\n<p>Graduada de Doctora en odontolog\u00eda en la Universidad Central del Este (UCE), \u00a0con un \u00a0Posgrado en Odontolog\u00eda Pedi\u00e1trica Y \u00a0Maestr\u00eda en Gerencia en\u00a0 Educaci\u00f3n Superior en la Universidad Cat\u00f3lica de Santo Domingo (UCSD) y Pasant\u00eda en \u00a0\u201cCl\u00ednica de Bebe s\u201d, Universidad Inca Garcilazo de la Vega, Lima-Per\u00fa.<\/p>\n<p>Tiene un ejercicio ininterrumpido de la odontolog\u00eda de m\u00e1s de 25 a\u00f1os, de los cuales los \u00faltimos 20 a\u00f1os dedicada exclusivamente a la atenci\u00f3n especializada a ni\u00f1os y beb\u00e9s.<\/p>\n<p>Ha sido colaboradora en libros y revistas de corte cient\u00edfico del \u00e1rea de la odontopediatr\u00eda. Adem\u00e1s, ha dictado conferencias tanto a nivel nacional como internacional y participado como invitada en innumerables programas de radio y televisi\u00f3n.<\/p>\n<p>Tiene su pr\u00e1ctica privada en el Centro de Salud Bucal Dra. Zoila Fern\u00e1ndez, consultorio #1 de Odontolife.<\/p>\n<p>El ejercicio de la odontopediatr\u00eda privada lo ha combinado con la labor en instituciones p\u00fablicas como el Hospital Militar Dr. Ramon de Lara, Fuerza A\u00e9rea Dominicana; Hospital Materno Dr. Reynaldo Alm\u00e1nzar y Hospital Municipal Sabana Grande de Boy\u00e1 , del Servicio Nacional de Salud, en las cuales ha fungido como odontopediatra de planta y jefa de servicio de los departamentos de odontolog\u00eda.<\/p>\n<p>Coordinadora y docente de la Especialidad de Odontopediatr\u00eda de la Escuela de Graduados en Odontolog\u00eda de la Universidad Cat\u00f3lica Santo Domingo y \u00a0docente Invitada de la Residencia de Pediatr\u00eda del Hospital Militar Dr. Ramon de Lara (FARD).<\/p>\n<p>Ha realizado labor social en todo el territorio nacional, llevando charlas y haciendo colaboraciones con instituciones sin fines de lucro del sector salud.<\/p>\n<p>Por su labor social y por sus aportes a las instituciones en las que ha sido colaboradora ha sido merecedora de innumerables reconocimientos, lo cual la ha posicionado en la actualidad como un referente en el \u00e1rea de odontopediatr\u00eda en la Rep\u00fablica Dominicana.<\/p>\n<p>La prevenci\u00f3n de los problemas de salud bucal en la ni\u00f1ez y la educaci\u00f3n a embarazadas en la prevenci\u00f3n de estos problemas son las dos \u00e1reas que la apasionan.<\/p>\n<p><a role=\"button\" href=\"https:\/\/api.whatsapp.com\/send?phone=18099134870&amp;text=!Hola!%20vengo%20de%20su%20p%C3%A1gina%20de%20odontopediatr%C3%ADa.\"><br \/>\nAgendar por WhatsApp<br \/>\n<\/a><\/p>\n","protected":false},"excerpt":{"rendered":"<p>Odontopediatra en Santo Domingo Agendar por WhatsApp Sobre la Dra. [&hellip;]<\/p>\n","protected":false},"author":1,"featured_media":0,"parent":0,"menu_order":0,"comment_status":"closed","ping_status":"closed","template":"","meta":{"_glsr_average":0,"_glsr_ranking":0,"_glsr_reviews":0,"footnotes":""},"class_list":["post-4366","page","type-page","status-publish","hentry"],"yoast_head":"<!-- This site is optimized with the Yoast SEO plugin v27.3 - https:\/\/yoast.com\/product\/yoast-seo-wordpress\/ -->\n<title>Odontopediatra en Santo Domingo Dra. Gloria Read - Dra. Zoila Fern\u00e1ndez<\/title>\n<meta name=\"robots\" content=\"index, follow, max-snippet:-1, max-image-preview:large, max-video-preview:-1\" \/>\n<link rel=\"canonical\" href=\"https:\/\/zoilafernandez.com.do\/es\/odontopediatra-en-santo-domingo-dra-gloria-read\/\" \/>\n<meta property=\"og:locale\" content=\"es_ES\" \/>\n<meta property=\"og:type\" content=\"article\" \/>\n<meta property=\"og:title\" content=\"Odontopediatra en Santo Domingo Dra. Gloria Read - Dra. Zoila Fern\u00e1ndez\" \/>\n<meta property=\"og:description\" content=\"Odontopediatra en Santo Domingo Agendar por WhatsApp Sobre la Dra. [&hellip;]\" \/>\n<meta property=\"og:url\" content=\"https:\/\/zoilafernandez.com.do\/es\/odontopediatra-en-santo-domingo-dra-gloria-read\/\" \/>\n<meta property=\"og:site_name\" content=\"Dra. Zoila Fern\u00e1ndez\" \/>\n<meta property=\"article:modified_time\" content=\"2024-06-19T15:15:41+00:00\" \/>\n<meta property=\"og:image\" content=\"https:\/\/zoilafernandez.com.do\/wp-content\/uploads\/2024\/06\/foto-Dra.-Gloria-2.jpg\" \/>\n\t<meta property=\"og:image:width\" content=\"540\" \/>\n\t<meta property=\"og:image:height\" content=\"540\" \/>\n\t<meta property=\"og:image:type\" content=\"image\/jpeg\" \/>\n<meta name=\"twitter:card\" content=\"summary_large_image\" \/>\n<meta name=\"twitter:label1\" content=\"Est. reading time\" \/>\n\t<meta name=\"twitter:data1\" content=\"2 minutos\" \/>\n<script type=\"application\/ld+json\" class=\"yoast-schema-graph\">{\"@context\":\"https:\\\/\\\/schema.org\",\"@graph\":[{\"@type\":\"WebPage\",\"@id\":\"https:\\\/\\\/zoilafernandez.com.do\\\/odontopediatra-en-santo-domingo-dra-gloria-read\\\/\",\"url\":\"https:\\\/\\\/zoilafernandez.com.do\\\/odontopediatra-en-santo-domingo-dra-gloria-read\\\/\",\"name\":\"Odontopediatra en Santo Domingo Dra. Gloria Read - Dra. Zoila Fern\u00e1ndez\",\"isPartOf\":{\"@id\":\"https:\\\/\\\/zoilafernandez.com.do\\\/#website\"},\"primaryImageOfPage\":{\"@id\":\"https:\\\/\\\/zoilafernandez.com.do\\\/odontopediatra-en-santo-domingo-dra-gloria-read\\\/#primaryimage\"},\"image\":{\"@id\":\"https:\\\/\\\/zoilafernandez.com.do\\\/odontopediatra-en-santo-domingo-dra-gloria-read\\\/#primaryimage\"},\"thumbnailUrl\":\"http:\\\/\\\/zoilafernandez.com.do\\\/wp-content\\\/uploads\\\/2024\\\/06\\\/foto-Dra.-Gloria-2.jpg\",\"datePublished\":\"2022-05-27T22:34:17+00:00\",\"dateModified\":\"2024-06-19T15:15:41+00:00\",\"breadcrumb\":{\"@id\":\"https:\\\/\\\/zoilafernandez.com.do\\\/odontopediatra-en-santo-domingo-dra-gloria-read\\\/#breadcrumb\"},\"inLanguage\":\"es-DO\",\"potentialAction\":[{\"@type\":\"ReadAction\",\"target\":[\"https:\\\/\\\/zoilafernandez.com.do\\\/odontopediatra-en-santo-domingo-dra-gloria-read\\\/\"]}]},{\"@type\":\"ImageObject\",\"inLanguage\":\"es-DO\",\"@id\":\"https:\\\/\\\/zoilafernandez.com.do\\\/odontopediatra-en-santo-domingo-dra-gloria-read\\\/#primaryimage\",\"url\":\"http:\\\/\\\/zoilafernandez.com.do\\\/wp-content\\\/uploads\\\/2024\\\/06\\\/foto-Dra.-Gloria-2.jpg\",\"contentUrl\":\"http:\\\/\\\/zoilafernandez.com.do\\\/wp-content\\\/uploads\\\/2024\\\/06\\\/foto-Dra.-Gloria-2.jpg\"},{\"@type\":\"BreadcrumbList\",\"@id\":\"https:\\\/\\\/zoilafernandez.com.do\\\/odontopediatra-en-santo-domingo-dra-gloria-read\\\/#breadcrumb\",\"itemListElement\":[{\"@type\":\"ListItem\",\"position\":1,\"name\":\"Home\",\"item\":\"https:\\\/\\\/zoilafernandez.com.do\\\/\"},{\"@type\":\"ListItem\",\"position\":2,\"name\":\"Odontopediatra en Santo Domingo Dra. Gloria Read\"}]},{\"@type\":\"WebSite\",\"@id\":\"https:\\\/\\\/zoilafernandez.com.do\\\/#website\",\"url\":\"https:\\\/\\\/zoilafernandez.com.do\\\/\",\"name\":\"Dra. Zoila Fern\u00e1ndez\",\"description\":\"Dentista en Santo Domingo\",\"potentialAction\":[{\"@type\":\"SearchAction\",\"target\":{\"@type\":\"EntryPoint\",\"urlTemplate\":\"https:\\\/\\\/zoilafernandez.com.do\\\/?s={search_term_string}\"},\"query-input\":{\"@type\":\"PropertyValueSpecification\",\"valueRequired\":true,\"valueName\":\"search_term_string\"}}],\"inLanguage\":\"es-DO\"}]}<\/script>\n<!-- \/ Yoast SEO plugin. -->","yoast_head_json":{"title":"Odontopediatra en Santo Domingo Dra. Gloria Read - Dra. Zoila Fern\u00e1ndez","robots":{"index":"index","follow":"follow","max-snippet":"max-snippet:-1","max-image-preview":"max-image-preview:large","max-video-preview":"max-video-preview:-1"},"canonical":"https:\/\/zoilafernandez.com.do\/es\/odontopediatra-en-santo-domingo-dra-gloria-read\/","og_locale":"es_ES","og_type":"article","og_title":"Odontopediatra en Santo Domingo Dra. Gloria Read - Dra. Zoila Fern\u00e1ndez","og_description":"Odontopediatra en Santo Domingo Agendar por WhatsApp Sobre la Dra. [&hellip;]","og_url":"https:\/\/zoilafernandez.com.do\/es\/odontopediatra-en-santo-domingo-dra-gloria-read\/","og_site_name":"Dra. Zoila Fern\u00e1ndez","article_modified_time":"2024-06-19T15:15:41+00:00","og_image":[{"width":540,"height":540,"url":"https:\/\/zoilafernandez.com.do\/wp-content\/uploads\/2024\/06\/foto-Dra.-Gloria-2.jpg","type":"image\/jpeg"}],"twitter_card":"summary_large_image","twitter_misc":{"Est. reading time":"2 minutos"},"schema":{"@context":"https:\/\/schema.org","@graph":[{"@type":"WebPage","@id":"https:\/\/zoilafernandez.com.do\/odontopediatra-en-santo-domingo-dra-gloria-read\/","url":"https:\/\/zoilafernandez.com.do\/odontopediatra-en-santo-domingo-dra-gloria-read\/","name":"Odontopediatra en Santo Domingo Dra. Gloria Read - Dra. Zoila Fern\u00e1ndez","isPartOf":{"@id":"https:\/\/zoilafernandez.com.do\/#website"},"primaryImageOfPage":{"@id":"https:\/\/zoilafernandez.com.do\/odontopediatra-en-santo-domingo-dra-gloria-read\/#primaryimage"},"image":{"@id":"https:\/\/zoilafernandez.com.do\/odontopediatra-en-santo-domingo-dra-gloria-read\/#primaryimage"},"thumbnailUrl":"http:\/\/zoilafernandez.com.do\/wp-content\/uploads\/2024\/06\/foto-Dra.-Gloria-2.jpg","datePublished":"2022-05-27T22:34:17+00:00","dateModified":"2024-06-19T15:15:41+00:00","breadcrumb":{"@id":"https:\/\/zoilafernandez.com.do\/odontopediatra-en-santo-domingo-dra-gloria-read\/#breadcrumb"},"inLanguage":"es-DO","potentialAction":[{"@type":"ReadAction","target":["https:\/\/zoilafernandez.com.do\/odontopediatra-en-santo-domingo-dra-gloria-read\/"]}]},{"@type":"ImageObject","inLanguage":"es-DO","@id":"https:\/\/zoilafernandez.com.do\/odontopediatra-en-santo-domingo-dra-gloria-read\/#primaryimage","url":"http:\/\/zoilafernandez.com.do\/wp-content\/uploads\/2024\/06\/foto-Dra.-Gloria-2.jpg","contentUrl":"http:\/\/zoilafernandez.com.do\/wp-content\/uploads\/2024\/06\/foto-Dra.-Gloria-2.jpg"},{"@type":"BreadcrumbList","@id":"https:\/\/zoilafernandez.com.do\/odontopediatra-en-santo-domingo-dra-gloria-read\/#breadcrumb","itemListElement":[{"@type":"ListItem","position":1,"name":"Home","item":"https:\/\/zoilafernandez.com.do\/"},{"@type":"ListItem","position":2,"name":"Odontopediatra en Santo Domingo Dra. Gloria Read"}]},{"@type":"WebSite","@id":"https:\/\/zoilafernandez.com.do\/#website","url":"https:\/\/zoilafernandez.com.do\/","name":"Dra. Zoila Fern\u00e1ndez","description":"Dentista en Santo Domingo","potentialAction":[{"@type":"SearchAction","target":{"@type":"EntryPoint","urlTemplate":"https:\/\/zoilafernandez.com.do\/?s={search_term_string}"},"query-input":{"@type":"PropertyValueSpecification","valueRequired":true,"valueName":"search_term_string"}}],"inLanguage":"es-DO"}]}},"_links":{"self":[{"href":"https:\/\/zoilafernandez.com.do\/es\/wp-json\/wp\/v2\/pages\/4366","targetHints":{"allow":["GET"]}}],"collection":[{"href":"https:\/\/zoilafernandez.com.do\/es\/wp-json\/wp\/v2\/pages"}],"about":[{"href":"https:\/\/zoilafernandez.com.do\/es\/wp-json\/wp\/v2\/types\/page"}],"author":[{"embeddable":true,"href":"https:\/\/zoilafernandez.com.do\/es\/wp-json\/wp\/v2\/users\/1"}],"replies":[{"embeddable":true,"href":"https:\/\/zoilafernandez.com.do\/es\/wp-json\/wp\/v2\/comments?post=4366"}],"version-history":[{"count":0,"href":"https:\/\/zoilafernandez.com.do\/es\/wp-json\/wp\/v2\/pages\/4366\/revisions"}],"wp:attachment":[{"href":"https:\/\/zoilafernandez.com.do\/es\/wp-json\/wp\/v2\/media?parent=4366"}],"curies":[{"name":"wp","href":"https:\/\/api.w.org\/{rel}","templated":true}]}}