{"id":3941,"date":"2022-05-15T15:59:36","date_gmt":"2022-05-15T15:59:36","guid":{"rendered":"https:\/\/zoilafernandez.com.do\/?page_id=3941"},"modified":"2024-06-19T11:09:59","modified_gmt":"2024-06-19T15:09:59","slug":"blanqueamiento-dental-en-santo-domingo","status":"publish","type":"page","link":"https:\/\/zoilafernandez.com.do\/en\/blanqueamiento-dental-en-santo-domingo\/","title":{"rendered":"Blanqueamiento Dental en Santo Domingo"},"content":{"rendered":"<h1>Blanqueamiento Dental en Santo Domingo<\/h1>\n<p><a role=\"button\" href=\"https:\/\/api.whatsapp.com\/send?phone=18099134870&amp;text=Vengo%20de%20tu%20pagina%20de%20blanqueamiento.\"><br \/>\nAgendar por WhatsApp<br \/>\n<\/a><br \/>\n<img decoding=\"async\" class=\"alignnone size-full wp-image-5304\" src=\"http:\/\/zoilafernandez.com.do\/wp-content\/uploads\/2024\/06\/1zoi.jpg\" alt=\"\" width=\"848\" height=\"565\" srcset=\"https:\/\/zoilafernandez.com.do\/wp-content\/uploads\/2024\/06\/1zoi-200x133.jpg 200w, https:\/\/zoilafernandez.com.do\/wp-content\/uploads\/2024\/06\/1zoi-300x200.jpg 300w, https:\/\/zoilafernandez.com.do\/wp-content\/uploads\/2024\/06\/1zoi-400x267.jpg 400w, https:\/\/zoilafernandez.com.do\/wp-content\/uploads\/2024\/06\/1zoi-600x400.jpg 600w, https:\/\/zoilafernandez.com.do\/wp-content\/uploads\/2024\/06\/1zoi-768x512.jpg 768w, https:\/\/zoilafernandez.com.do\/wp-content\/uploads\/2024\/06\/1zoi-800x533.jpg 800w, https:\/\/zoilafernandez.com.do\/wp-content\/uploads\/2024\/06\/1zoi.jpg 848w\" sizes=\"(max-width: 848px) 100vw, 848px\" \/><\/p>\n<p>Actualmente las personas est\u00e1n conscientes del papel que juega la est\u00e9tica de sus dientes en la imagen que proyectan, uno de los procedimientos de est\u00e9tica dental que m\u00e1s atrae a las personas es el blanqueamiento dental.<\/p>\n<p>En este peque\u00f1o art\u00edculo tratamos\u00a0 \u00a0de responder las preguntas mas frecuentes que los pacientes nos hacen en el consultorio.<\/p>\n<h4>Tabla de contenidos<\/h4>\n<h2>\u00bfQu\u00e9 es el Blanqueamiento Dental?<\/h2>\n<p>Es un tratamiento dental est\u00e9tico no invasivo\u00a0 que logra aclarar en varios tonos el color original de los<em> dientes naturales<\/em>, dejando los dientes m\u00e1s blancos y brillantes.<\/p>\n<h2>\u00bfCu\u00e1ntas sesiones son necesarias para blanquear los dientes?<\/h2>\n<p>En muchos\u00a0 casos\u00a0 con una\u00a0 sola sesi\u00f3n de una hora es suficiente.<\/p>\n<p>Sin embargo, el n\u00famero de sesiones depender\u00e1 del tono original del diente, del grado de blanqueamiento\u00a0 \u00a0que\u00a0 usted desee conseguir\u00a0 y de las recomendaciones de su caso en\u00a0 \u00a0particular que le haga su odont\u00f3logo.<\/p>\n<p>En algunos casos se puede requerir de dos a tres sesiones para obtener los resultados deseados.<\/p>\n<p>En dientes con mayor resistencia a ser blanqueados se puede combinar la t\u00e9cnica del consultorio con blanqueadores de menor concentraci\u00f3n a ser usados en casa.<\/p>\n<h2>\u00bfQu\u00e9 es lo que hacen los dentistas para blanquear los dientes?<\/h2>\n<p>El blanqueamiento dental es un proceso que se lleva a cabo en la cl\u00ednica <b>dental<\/b> mediante la aplicaci\u00f3n de un gel <b>blanqueador<\/b> a base de per\u00f3xido de hidr\u00f3geno \u00a0 o\u00a0 per\u00f3xido de carbamida en altas concentraciones,\u00a0 pudiendo ser este activado en algunos casos por una fuente de luz.<\/p>\n<h2>\u00bfCu\u00e1ndo no se puede hacer blanqueamiento dental?<\/h2>\n<p>No todas las persona califican para realizarse un blanqueamiento dental. El primer requerimiento es que la persona tenga la <strong><em>boca sana. <\/em><\/strong><\/p>\n<p>Las contraindicaciones\u00a0 para realizarse blanqueamiento dental son:<\/p>\n<ul style=\"list-style-type: disc;\">\n<li>Personas con caries, restauraciones defectuosas (empastes), \u00a0enfermedad periodontal o cualquier tipo de infecci\u00f3n dental activa.<\/li>\n<li>Personas que presenten molestia exagerada con los alimentos fr\u00edos y dulces\u00a0 ( hipersensibilidad dental).<\/li>\n<li>\u00a0Menores de 13 a\u00f1os.<\/li>\n<li>Embarazadas o en periodo de lactancia.<\/li>\n<li>Dientes con fisuras profundas.<\/li>\n<\/ul>\n<h2>\u00bfCu\u00e1les consecuencias puede traer el blanqueamiento dental?<\/h2>\n<p>El principal efectos secundario del blanqueamiento dental es la hipersensibilidad dental ( molestia al tomar alimentos fr\u00edos y\/o dulces). Esta por lo general es transitoria y desaparece de manera espontanea y\/o\u00a0 con la ayuda de medicamentos o agentes desensibilizantes.<\/p>\n<p>En algunos casos el paciente puede presentar peque\u00f1as ulceras o inflamaci\u00f3n de las enc\u00edas\u00a0 y ligeras manchas blancas en los dientes. Todos estos s\u00edntomas desaparecen en los primeros d\u00edas despu\u00e9s de terminado el tratamiento.<\/p>\n<h2>\u00bfCu\u00e1nto dura el blanqueamiento dental?<\/h2>\n<p>La duraci\u00f3n promedio del <strong>blanqueamiento dental<\/strong>\u00a0 es de 2 a 5 a\u00f1os.<\/p>\n<p>Normalmente dura menos en personas\u00a0 con mala higiene oral, que fuman o consumen de manera habitual\u00a0 alimentos o bebidas con gran concentraci\u00f3n de colorantes como caf\u00e9, t\u00e9 o vino tinto.<\/p>\n<h2>\u00bfCu\u00e1nto cuesta un blanqueamiento dental en Santo Domingo?<\/h2>\n<p>El blanqueamiento dental se cobra por sesiones, cada sesion dura aproximadamente una hora.\u00a0 En Santo Domingo cada\u00a0 sesi\u00f3n\u00a0 tiene un costo aproximado de $15,000 pesos ( US$270 d\u00f3lares).<\/p>\n<p>De ser necesario la combinaci\u00f3n con blanqueamiento para ser usado en casa, esto a\u00f1adir\u00eda un costo extra.<\/p>\n<p><a role=\"button\" href=\"https:\/\/api.whatsapp.com\/send?phone=18099134870&amp;text=Vengo%20de%20tu%20pagina%20de%20blanqueamiento.\"><br \/>\nAgendar por WhatsApp<br \/>\n<\/a><\/p>","protected":false},"excerpt":{"rendered":"<p>Blanqueamiento Dental en Santo Domingo Agendar por WhatsApp Actualmente las [&hellip;]<\/p>\n","protected":false},"author":1,"featured_media":0,"parent":0,"menu_order":0,"comment_status":"closed","ping_status":"closed","template":"","meta":{"_glsr_average":0,"_glsr_ranking":0,"_glsr_reviews":0,"footnotes":""},"class_list":["post-3941","page","type-page","status-publish","hentry"],"yoast_head":"<!-- This site is optimized with the Yoast SEO plugin v27.3 - https:\/\/yoast.com\/product\/yoast-seo-wordpress\/ -->\n<title>Blanqueamiento Dental en Santo Domingo - Dra. Zoila Fern\u00e1ndez<\/title>\n<meta name=\"robots\" content=\"index, follow, max-snippet:-1, max-image-preview:large, max-video-preview:-1\" \/>\n<link rel=\"canonical\" href=\"https:\/\/zoilafernandez.com.do\/en\/blanqueamiento-dental-en-santo-domingo\/\" \/>\n<meta property=\"og:locale\" content=\"en_US\" \/>\n<meta property=\"og:type\" content=\"article\" \/>\n<meta property=\"og:title\" content=\"Blanqueamiento Dental en Santo Domingo - Dra. Zoila Fern\u00e1ndez\" \/>\n<meta property=\"og:description\" content=\"Blanqueamiento Dental en Santo Domingo Agendar por WhatsApp Actualmente las [&hellip;]\" \/>\n<meta property=\"og:url\" content=\"https:\/\/zoilafernandez.com.do\/en\/blanqueamiento-dental-en-santo-domingo\/\" \/>\n<meta property=\"og:site_name\" content=\"Dra. Zoila Fern\u00e1ndez\" \/>\n<meta property=\"article:modified_time\" content=\"2024-06-19T15:09:59+00:00\" \/>\n<meta property=\"og:image\" content=\"https:\/\/zoilafernandez.com.do\/wp-content\/uploads\/2024\/06\/1zoi.jpg\" \/>\n\t<meta property=\"og:image:width\" content=\"848\" \/>\n\t<meta property=\"og:image:height\" content=\"565\" \/>\n\t<meta property=\"og:image:type\" content=\"image\/jpeg\" \/>\n<meta name=\"twitter:card\" content=\"summary_large_image\" \/>\n<meta name=\"twitter:label1\" content=\"Est. reading time\" \/>\n\t<meta name=\"twitter:data1\" content=\"3 minutes\" \/>\n<script type=\"application\/ld+json\" class=\"yoast-schema-graph\">{\"@context\":\"https:\\\/\\\/schema.org\",\"@graph\":[{\"@type\":\"WebPage\",\"@id\":\"https:\\\/\\\/zoilafernandez.com.do\\\/blanqueamiento-dental-en-santo-domingo\\\/\",\"url\":\"https:\\\/\\\/zoilafernandez.com.do\\\/blanqueamiento-dental-en-santo-domingo\\\/\",\"name\":\"Blanqueamiento Dental en Santo Domingo - Dra. Zoila Fern\u00e1ndez\",\"isPartOf\":{\"@id\":\"https:\\\/\\\/zoilafernandez.com.do\\\/#website\"},\"primaryImageOfPage\":{\"@id\":\"https:\\\/\\\/zoilafernandez.com.do\\\/blanqueamiento-dental-en-santo-domingo\\\/#primaryimage\"},\"image\":{\"@id\":\"https:\\\/\\\/zoilafernandez.com.do\\\/blanqueamiento-dental-en-santo-domingo\\\/#primaryimage\"},\"thumbnailUrl\":\"http:\\\/\\\/zoilafernandez.com.do\\\/wp-content\\\/uploads\\\/2024\\\/06\\\/1zoi.jpg\",\"datePublished\":\"2022-05-15T15:59:36+00:00\",\"dateModified\":\"2024-06-19T15:09:59+00:00\",\"breadcrumb\":{\"@id\":\"https:\\\/\\\/zoilafernandez.com.do\\\/blanqueamiento-dental-en-santo-domingo\\\/#breadcrumb\"},\"inLanguage\":\"en-US\",\"potentialAction\":[{\"@type\":\"ReadAction\",\"target\":[\"https:\\\/\\\/zoilafernandez.com.do\\\/blanqueamiento-dental-en-santo-domingo\\\/\"]}]},{\"@type\":\"ImageObject\",\"inLanguage\":\"en-US\",\"@id\":\"https:\\\/\\\/zoilafernandez.com.do\\\/blanqueamiento-dental-en-santo-domingo\\\/#primaryimage\",\"url\":\"http:\\\/\\\/zoilafernandez.com.do\\\/wp-content\\\/uploads\\\/2024\\\/06\\\/1zoi.jpg\",\"contentUrl\":\"http:\\\/\\\/zoilafernandez.com.do\\\/wp-content\\\/uploads\\\/2024\\\/06\\\/1zoi.jpg\"},{\"@type\":\"BreadcrumbList\",\"@id\":\"https:\\\/\\\/zoilafernandez.com.do\\\/blanqueamiento-dental-en-santo-domingo\\\/#breadcrumb\",\"itemListElement\":[{\"@type\":\"ListItem\",\"position\":1,\"name\":\"Home\",\"item\":\"https:\\\/\\\/zoilafernandez.com.do\\\/\"},{\"@type\":\"ListItem\",\"position\":2,\"name\":\"Blanqueamiento Dental en Santo Domingo\"}]},{\"@type\":\"WebSite\",\"@id\":\"https:\\\/\\\/zoilafernandez.com.do\\\/#website\",\"url\":\"https:\\\/\\\/zoilafernandez.com.do\\\/\",\"name\":\"Dra. Zoila Fern\u00e1ndez\",\"description\":\"Dentista en Santo Domingo\",\"potentialAction\":[{\"@type\":\"SearchAction\",\"target\":{\"@type\":\"EntryPoint\",\"urlTemplate\":\"https:\\\/\\\/zoilafernandez.com.do\\\/?s={search_term_string}\"},\"query-input\":{\"@type\":\"PropertyValueSpecification\",\"valueRequired\":true,\"valueName\":\"search_term_string\"}}],\"inLanguage\":\"en-US\"}]}<\/script>\n<!-- \/ Yoast SEO plugin. -->","yoast_head_json":{"title":"Blanqueamiento Dental en Santo Domingo - Dra. Zoila Fern\u00e1ndez","robots":{"index":"index","follow":"follow","max-snippet":"max-snippet:-1","max-image-preview":"max-image-preview:large","max-video-preview":"max-video-preview:-1"},"canonical":"https:\/\/zoilafernandez.com.do\/en\/blanqueamiento-dental-en-santo-domingo\/","og_locale":"en_US","og_type":"article","og_title":"Blanqueamiento Dental en Santo Domingo - Dra. Zoila Fern\u00e1ndez","og_description":"Blanqueamiento Dental en Santo Domingo Agendar por WhatsApp Actualmente las [&hellip;]","og_url":"https:\/\/zoilafernandez.com.do\/en\/blanqueamiento-dental-en-santo-domingo\/","og_site_name":"Dra. Zoila Fern\u00e1ndez","article_modified_time":"2024-06-19T15:09:59+00:00","og_image":[{"width":848,"height":565,"url":"https:\/\/zoilafernandez.com.do\/wp-content\/uploads\/2024\/06\/1zoi.jpg","type":"image\/jpeg"}],"twitter_card":"summary_large_image","twitter_misc":{"Est. reading time":"3 minutes"},"schema":{"@context":"https:\/\/schema.org","@graph":[{"@type":"WebPage","@id":"https:\/\/zoilafernandez.com.do\/blanqueamiento-dental-en-santo-domingo\/","url":"https:\/\/zoilafernandez.com.do\/blanqueamiento-dental-en-santo-domingo\/","name":"Blanqueamiento Dental en Santo Domingo - Dra. Zoila Fern\u00e1ndez","isPartOf":{"@id":"https:\/\/zoilafernandez.com.do\/#website"},"primaryImageOfPage":{"@id":"https:\/\/zoilafernandez.com.do\/blanqueamiento-dental-en-santo-domingo\/#primaryimage"},"image":{"@id":"https:\/\/zoilafernandez.com.do\/blanqueamiento-dental-en-santo-domingo\/#primaryimage"},"thumbnailUrl":"http:\/\/zoilafernandez.com.do\/wp-content\/uploads\/2024\/06\/1zoi.jpg","datePublished":"2022-05-15T15:59:36+00:00","dateModified":"2024-06-19T15:09:59+00:00","breadcrumb":{"@id":"https:\/\/zoilafernandez.com.do\/blanqueamiento-dental-en-santo-domingo\/#breadcrumb"},"inLanguage":"en-US","potentialAction":[{"@type":"ReadAction","target":["https:\/\/zoilafernandez.com.do\/blanqueamiento-dental-en-santo-domingo\/"]}]},{"@type":"ImageObject","inLanguage":"en-US","@id":"https:\/\/zoilafernandez.com.do\/blanqueamiento-dental-en-santo-domingo\/#primaryimage","url":"http:\/\/zoilafernandez.com.do\/wp-content\/uploads\/2024\/06\/1zoi.jpg","contentUrl":"http:\/\/zoilafernandez.com.do\/wp-content\/uploads\/2024\/06\/1zoi.jpg"},{"@type":"BreadcrumbList","@id":"https:\/\/zoilafernandez.com.do\/blanqueamiento-dental-en-santo-domingo\/#breadcrumb","itemListElement":[{"@type":"ListItem","position":1,"name":"Home","item":"https:\/\/zoilafernandez.com.do\/"},{"@type":"ListItem","position":2,"name":"Blanqueamiento Dental en Santo Domingo"}]},{"@type":"WebSite","@id":"https:\/\/zoilafernandez.com.do\/#website","url":"https:\/\/zoilafernandez.com.do\/","name":"Dra. Zoila Fern\u00e1ndez","description":"Dentista en Santo Domingo","potentialAction":[{"@type":"SearchAction","target":{"@type":"EntryPoint","urlTemplate":"https:\/\/zoilafernandez.com.do\/?s={search_term_string}"},"query-input":{"@type":"PropertyValueSpecification","valueRequired":true,"valueName":"search_term_string"}}],"inLanguage":"en-US"}]}},"_links":{"self":[{"href":"https:\/\/zoilafernandez.com.do\/en\/wp-json\/wp\/v2\/pages\/3941","targetHints":{"allow":["GET"]}}],"collection":[{"href":"https:\/\/zoilafernandez.com.do\/en\/wp-json\/wp\/v2\/pages"}],"about":[{"href":"https:\/\/zoilafernandez.com.do\/en\/wp-json\/wp\/v2\/types\/page"}],"author":[{"embeddable":true,"href":"https:\/\/zoilafernandez.com.do\/en\/wp-json\/wp\/v2\/users\/1"}],"replies":[{"embeddable":true,"href":"https:\/\/zoilafernandez.com.do\/en\/wp-json\/wp\/v2\/comments?post=3941"}],"version-history":[{"count":0,"href":"https:\/\/zoilafernandez.com.do\/en\/wp-json\/wp\/v2\/pages\/3941\/revisions"}],"wp:attachment":[{"href":"https:\/\/zoilafernandez.com.do\/en\/wp-json\/wp\/v2\/media?parent=3941"}],"curies":[{"name":"wp","href":"https:\/\/api.w.org\/{rel}","templated":true}]}}